{"id":96,"date":"2024-05-08T15:17:27","date_gmt":"2024-05-08T13:17:27","guid":{"rendered":"https:\/\/molsheimbischoffsheimbasketclub.fr\/?page_id=96"},"modified":"2025-09-12T18:59:23","modified_gmt":"2025-09-12T16:59:23","slug":"coin-des-licences","status":"publish","type":"page","link":"https:\/\/molsheimbischoffsheimbasketclub.fr\/en\/coin-des-licences\/","title":{"rendered":"Coin des licences"},"content":{"rendered":"\t\t<div data-elementor-type=\"wp-page\" data-elementor-id=\"96\" class=\"elementor elementor-96\">\n\t\t\t\t<div class=\"elementor-element elementor-element-1e45bdf e-grid e-con-boxed e-con e-parent\" data-id=\"1e45bdf\" data-element_type=\"container\" data-e-type=\"container\">\n\t\t\t\t\t<div class=\"e-con-inner\">\n\t\t\t\t<div class=\"elementor-element elementor-element-fe45609 elementor-widget elementor-widget-heading\" data-id=\"fe45609\" data-element_type=\"widget\" data-e-type=\"widget\" data-widget_type=\"heading.default\">\n\t\t\t\t<div class=\"elementor-widget-container\">\n\t\t\t\t\t<h2 class=\"elementor-heading-title elementor-size-default\">Tarifs des licences<\/h2>\t\t\t\t<\/div>\n\t\t\t\t<\/div>\n\t\t\t\t<div class=\"elementor-element elementor-element-328324c elementor-widget elementor-widget-image\" data-id=\"328324c\" data-element_type=\"widget\" data-e-type=\"widget\" data-widget_type=\"image.default\">\n\t\t\t\t<div class=\"elementor-widget-container\">\n\t\t\t\t\t\t\t\t\t\t\t\t\t\t\t<img fetchpriority=\"high\" decoding=\"async\" width=\"534\" height=\"691\" src=\"https:\/\/molsheimbischoffsheimbasketclub.fr\/wp-content\/uploads\/2025\/09\/tarifs-licences-2025-2026.png\" class=\"attachment-large size-large wp-image-1175\" alt=\"\" srcset=\"https:\/\/molsheimbischoffsheimbasketclub.fr\/wp-content\/uploads\/2025\/09\/tarifs-licences-2025-2026.png 534w, https:\/\/molsheimbischoffsheimbasketclub.fr\/wp-content\/uploads\/2025\/09\/tarifs-licences-2025-2026-232x300.png 232w, https:\/\/molsheimbischoffsheimbasketclub.fr\/wp-content\/uploads\/2025\/09\/tarifs-licences-2025-2026-99x128.png 99w, https:\/\/molsheimbischoffsheimbasketclub.fr\/wp-content\/uploads\/2025\/09\/tarifs-licences-2025-2026-25x32.png 25w, https:\/\/molsheimbischoffsheimbasketclub.fr\/wp-content\/uploads\/2025\/09\/tarifs-licences-2025-2026-77x100.png 77w, https:\/\/molsheimbischoffsheimbasketclub.fr\/wp-content\/uploads\/2025\/09\/tarifs-licences-2025-2026-39x50.png 39w, https:\/\/molsheimbischoffsheimbasketclub.fr\/wp-content\/uploads\/2025\/09\/tarifs-licences-2025-2026-19x25.png 19w\" sizes=\"(max-width: 534px) 100vw, 534px\" \/>\t\t\t\t\t\t\t\t\t\t\t\t\t\t\t<\/div>\n\t\t\t\t<\/div>\n\t\t\t\t\t<\/div>\n\t\t\t\t<\/div>\n\t\t<div class=\"elementor-element elementor-element-3f4acaf e-grid e-con-boxed e-con e-parent\" data-id=\"3f4acaf\" data-element_type=\"container\" data-e-type=\"container\">\n\t\t\t\t\t<div class=\"e-con-inner\">\n\t\t\t\t<div class=\"elementor-element elementor-element-e252cef elementor-widget elementor-widget-heading\" data-id=\"e252cef\" data-element_type=\"widget\" data-e-type=\"widget\" data-widget_type=\"heading.default\">\n\t\t\t\t<div class=\"elementor-widget-container\">\n\t\t\t\t\t<h2 class=\"elementor-heading-title elementor-size-default\">Certificat m\u00e9dical<\/h2>\t\t\t\t<\/div>\n\t\t\t\t<\/div>\n\t\t\t\t<div class=\"elementor-element elementor-element-d10322f elementor-widget elementor-widget-image\" data-id=\"d10322f\" data-element_type=\"widget\" data-e-type=\"widget\" data-widget_type=\"image.default\">\n\t\t\t\t<div class=\"elementor-widget-container\">\n\t\t\t\t\t\t\t\t\t\t\t\t\t\t\t<img decoding=\"async\" width=\"448\" height=\"626\" src=\"https:\/\/molsheimbischoffsheimbasketclub.fr\/wp-content\/uploads\/2025\/06\/certificat-medical.png\" class=\"attachment-large size-large wp-image-1138\" alt=\"\" srcset=\"https:\/\/molsheimbischoffsheimbasketclub.fr\/wp-content\/uploads\/2025\/06\/certificat-medical.png 448w, https:\/\/molsheimbischoffsheimbasketclub.fr\/wp-content\/uploads\/2025\/06\/certificat-medical-215x300.png 215w, https:\/\/molsheimbischoffsheimbasketclub.fr\/wp-content\/uploads\/2025\/06\/certificat-medical-92x128.png 92w, https:\/\/molsheimbischoffsheimbasketclub.fr\/wp-content\/uploads\/2025\/06\/certificat-medical-23x32.png 23w, https:\/\/molsheimbischoffsheimbasketclub.fr\/wp-content\/uploads\/2025\/06\/certificat-medical-72x100.png 72w, https:\/\/molsheimbischoffsheimbasketclub.fr\/wp-content\/uploads\/2025\/06\/certificat-medical-36x50.png 36w, https:\/\/molsheimbischoffsheimbasketclub.fr\/wp-content\/uploads\/2025\/06\/certificat-medical-18x25.png 18w\" sizes=\"(max-width: 448px) 100vw, 448px\" \/>\t\t\t\t\t\t\t\t\t\t\t\t\t\t\t<\/div>\n\t\t\t\t<\/div>\n\t\t\t\t\t<\/div>\n\t\t\t\t<\/div>\n\t\t<div class=\"elementor-element elementor-element-6414339 e-grid e-con-boxed e-con e-parent\" data-id=\"6414339\" data-element_type=\"container\" data-e-type=\"container\">\n\t\t\t\t\t<div class=\"e-con-inner\">\n\t\t\t\t<div class=\"elementor-element elementor-element-d1497ee elementor-widget elementor-widget-heading\" data-id=\"d1497ee\" data-element_type=\"widget\" data-e-type=\"widget\" data-widget_type=\"heading.default\">\n\t\t\t\t<div class=\"elementor-widget-container\">\n\t\t\t\t\t<h2 class=\"elementor-heading-title elementor-size-default\">Certificat m\u00e9dical de surclassement<\/h2>\t\t\t\t<\/div>\n\t\t\t\t<\/div>\n\t\t\t\t<div class=\"elementor-element elementor-element-5141cfc elementor-widget elementor-widget-image\" data-id=\"5141cfc\" data-element_type=\"widget\" data-e-type=\"widget\" data-widget_type=\"image.default\">\n\t\t\t\t<div class=\"elementor-widget-container\">\n\t\t\t\t\t\t\t\t\t\t\t\t\t\t\t<img decoding=\"async\" width=\"442\" height=\"625\" src=\"https:\/\/molsheimbischoffsheimbasketclub.fr\/wp-content\/uploads\/2025\/06\/surclassement.png\" class=\"attachment-large size-large wp-image-1141\" alt=\"\" srcset=\"https:\/\/molsheimbischoffsheimbasketclub.fr\/wp-content\/uploads\/2025\/06\/surclassement.png 442w, https:\/\/molsheimbischoffsheimbasketclub.fr\/wp-content\/uploads\/2025\/06\/surclassement-212x300.png 212w, https:\/\/molsheimbischoffsheimbasketclub.fr\/wp-content\/uploads\/2025\/06\/surclassement-91x128.png 91w, https:\/\/molsheimbischoffsheimbasketclub.fr\/wp-content\/uploads\/2025\/06\/surclassement-23x32.png 23w, https:\/\/molsheimbischoffsheimbasketclub.fr\/wp-content\/uploads\/2025\/06\/surclassement-71x100.png 71w, https:\/\/molsheimbischoffsheimbasketclub.fr\/wp-content\/uploads\/2025\/06\/surclassement-35x50.png 35w, https:\/\/molsheimbischoffsheimbasketclub.fr\/wp-content\/uploads\/2025\/06\/surclassement-18x25.png 18w\" sizes=\"(max-width: 442px) 100vw, 442px\" \/>\t\t\t\t\t\t\t\t\t\t\t\t\t\t\t<\/div>\n\t\t\t\t<\/div>\n\t\t\t\t\t<\/div>\n\t\t\t\t<\/div>\n\t\t<div class=\"elementor-element elementor-element-69edfec e-grid e-con-boxed e-con e-parent\" data-id=\"69edfec\" data-element_type=\"container\" data-e-type=\"container\">\n\t\t\t\t\t<div class=\"e-con-inner\">\n\t\t\t\t<div class=\"elementor-element elementor-element-05e56c6 elementor-widget elementor-widget-heading\" data-id=\"05e56c6\" data-element_type=\"widget\" data-e-type=\"widget\" data-widget_type=\"heading.default\">\n\t\t\t\t<div class=\"elementor-widget-container\">\n\t\t\t\t\t<h2 class=\"elementor-heading-title elementor-size-default\">Questionnaire de sant\u00e9<\/h2>\t\t\t\t<\/div>\n\t\t\t\t<\/div>\n\t\t\t\t<div class=\"elementor-element elementor-element-ca37bb4 elementor-widget elementor-widget-image\" data-id=\"ca37bb4\" data-element_type=\"widget\" data-e-type=\"widget\" data-widget_type=\"image.default\">\n\t\t\t\t<div class=\"elementor-widget-container\">\n\t\t\t\t\t\t\t\t\t\t\t\t\t\t\t<img loading=\"lazy\" decoding=\"async\" width=\"445\" height=\"626\" src=\"https:\/\/molsheimbischoffsheimbasketclub.fr\/wp-content\/uploads\/2025\/06\/questionnaire-de-sante.png\" class=\"attachment-large size-large wp-image-1142\" alt=\"\" srcset=\"https:\/\/molsheimbischoffsheimbasketclub.fr\/wp-content\/uploads\/2025\/06\/questionnaire-de-sante.png 445w, https:\/\/molsheimbischoffsheimbasketclub.fr\/wp-content\/uploads\/2025\/06\/questionnaire-de-sante-213x300.png 213w, https:\/\/molsheimbischoffsheimbasketclub.fr\/wp-content\/uploads\/2025\/06\/questionnaire-de-sante-91x128.png 91w, https:\/\/molsheimbischoffsheimbasketclub.fr\/wp-content\/uploads\/2025\/06\/questionnaire-de-sante-23x32.png 23w, https:\/\/molsheimbischoffsheimbasketclub.fr\/wp-content\/uploads\/2025\/06\/questionnaire-de-sante-71x100.png 71w, https:\/\/molsheimbischoffsheimbasketclub.fr\/wp-content\/uploads\/2025\/06\/questionnaire-de-sante-36x50.png 36w, https:\/\/molsheimbischoffsheimbasketclub.fr\/wp-content\/uploads\/2025\/06\/questionnaire-de-sante-18x25.png 18w\" sizes=\"(max-width: 445px) 100vw, 445px\" \/>\t\t\t\t\t\t\t\t\t\t\t\t\t\t\t<\/div>\n\t\t\t\t<\/div>\n\t\t\t\t\t<\/div>\n\t\t\t\t<\/div>\n\t\t<div class=\"elementor-element elementor-element-8d7334e e-grid e-con-boxed e-con e-parent\" data-id=\"8d7334e\" data-element_type=\"container\" data-e-type=\"container\">\n\t\t\t\t\t<div class=\"e-con-inner\">\n\t\t\t\t<div class=\"elementor-element elementor-element-ab7af22 elementor-widget elementor-widget-heading\" data-id=\"ab7af22\" data-element_type=\"widget\" data-e-type=\"widget\" data-widget_type=\"heading.default\">\n\t\t\t\t<div class=\"elementor-widget-container\">\n\t\t\t\t\t<h2 class=\"elementor-heading-title elementor-size-default\">Attestation relative au questionnaire de sant\u00e9 (majeur)<\/h2>\t\t\t\t<\/div>\n\t\t\t\t<\/div>\n\t\t\t\t<div class=\"elementor-element elementor-element-a49c7b0 elementor-widget elementor-widget-image\" data-id=\"a49c7b0\" data-element_type=\"widget\" data-e-type=\"widget\" data-widget_type=\"image.default\">\n\t\t\t\t<div class=\"elementor-widget-container\">\n\t\t\t\t\t\t\t\t\t\t\t\t\t\t\t<img loading=\"lazy\" decoding=\"async\" width=\"443\" height=\"622\" src=\"https:\/\/molsheimbischoffsheimbasketclub.fr\/wp-content\/uploads\/2025\/06\/QRES-majeur.png\" class=\"attachment-large size-large wp-image-1139\" alt=\"\" srcset=\"https:\/\/molsheimbischoffsheimbasketclub.fr\/wp-content\/uploads\/2025\/06\/QRES-majeur.png 443w, https:\/\/molsheimbischoffsheimbasketclub.fr\/wp-content\/uploads\/2025\/06\/QRES-majeur-214x300.png 214w, https:\/\/molsheimbischoffsheimbasketclub.fr\/wp-content\/uploads\/2025\/06\/QRES-majeur-91x128.png 91w, https:\/\/molsheimbischoffsheimbasketclub.fr\/wp-content\/uploads\/2025\/06\/QRES-majeur-23x32.png 23w, https:\/\/molsheimbischoffsheimbasketclub.fr\/wp-content\/uploads\/2025\/06\/QRES-majeur-71x100.png 71w, https:\/\/molsheimbischoffsheimbasketclub.fr\/wp-content\/uploads\/2025\/06\/QRES-majeur-36x50.png 36w, https:\/\/molsheimbischoffsheimbasketclub.fr\/wp-content\/uploads\/2025\/06\/QRES-majeur-18x25.png 18w\" sizes=\"(max-width: 443px) 100vw, 443px\" \/>\t\t\t\t\t\t\t\t\t\t\t\t\t\t\t<\/div>\n\t\t\t\t<\/div>\n\t\t\t\t\t<\/div>\n\t\t\t\t<\/div>\n\t\t<div class=\"elementor-element elementor-element-ff625bd e-grid e-con-boxed e-con e-parent\" data-id=\"ff625bd\" data-element_type=\"container\" data-e-type=\"container\">\n\t\t\t\t\t<div class=\"e-con-inner\">\n\t\t\t\t<div class=\"elementor-element elementor-element-f06f8cb elementor-widget elementor-widget-heading\" data-id=\"f06f8cb\" data-element_type=\"widget\" data-e-type=\"widget\" data-widget_type=\"heading.default\">\n\t\t\t\t<div class=\"elementor-widget-container\">\n\t\t\t\t\t<h2 class=\"elementor-heading-title elementor-size-default\">Attestation relative au questionnaire de sant\u00e9 (mineur)<\/h2>\t\t\t\t<\/div>\n\t\t\t\t<\/div>\n\t\t\t\t<div class=\"elementor-element elementor-element-a7aa075 elementor-widget elementor-widget-image\" data-id=\"a7aa075\" data-element_type=\"widget\" data-e-type=\"widget\" data-widget_type=\"image.default\">\n\t\t\t\t<div class=\"elementor-widget-container\">\n\t\t\t\t\t\t\t\t\t\t\t\t\t\t\t<img loading=\"lazy\" decoding=\"async\" width=\"439\" height=\"630\" src=\"https:\/\/molsheimbischoffsheimbasketclub.fr\/wp-content\/uploads\/2025\/06\/QRES-mineur.png\" class=\"attachment-large size-large wp-image-1140\" alt=\"\" srcset=\"https:\/\/molsheimbischoffsheimbasketclub.fr\/wp-content\/uploads\/2025\/06\/QRES-mineur.png 439w, https:\/\/molsheimbischoffsheimbasketclub.fr\/wp-content\/uploads\/2025\/06\/QRES-mineur-209x300.png 209w, https:\/\/molsheimbischoffsheimbasketclub.fr\/wp-content\/uploads\/2025\/06\/QRES-mineur-89x128.png 89w, https:\/\/molsheimbischoffsheimbasketclub.fr\/wp-content\/uploads\/2025\/06\/QRES-mineur-22x32.png 22w, https:\/\/molsheimbischoffsheimbasketclub.fr\/wp-content\/uploads\/2025\/06\/QRES-mineur-70x100.png 70w, https:\/\/molsheimbischoffsheimbasketclub.fr\/wp-content\/uploads\/2025\/06\/QRES-mineur-35x50.png 35w, https:\/\/molsheimbischoffsheimbasketclub.fr\/wp-content\/uploads\/2025\/06\/QRES-mineur-17x25.png 17w\" sizes=\"(max-width: 439px) 100vw, 439px\" \/>\t\t\t\t\t\t\t\t\t\t\t\t\t\t\t<\/div>\n\t\t\t\t<\/div>\n\t\t\t\t\t<\/div>\n\t\t\t\t<\/div>\n\t\t\t\t<\/div>\n\t\t","protected":false},"excerpt":{"rendered":"<p>Tarifs des licences Certificat m\u00e9dical Certificat m\u00e9dical de surclassement Questionnaire de sant\u00e9 Attestation relative au questionnaire de sant\u00e9 (majeur) Attestation [&hellip;]<\/p>\n","protected":false},"author":1,"featured_media":0,"parent":0,"menu_order":0,"comment_status":"closed","ping_status":"closed","template":"","meta":{"_seopress_robots_primary_cat":"","_seopress_titles_title":"","_seopress_titles_desc":"","_seopress_robots_index":"","_crdt_document":"","site-sidebar-layout":"no-sidebar","site-content-layout":"","ast-site-content-layout":"full-width-container","site-content-style":"default","site-sidebar-style":"default","ast-global-header-display":"","ast-banner-title-visibility":"","ast-main-header-display":"","ast-hfb-above-header-display":"","ast-hfb-below-header-display":"","ast-hfb-mobile-header-display":"","site-post-title":"disabled","ast-breadcrumbs-content":"","ast-featured-img":"disabled","footer-sml-layout":"","theme-transparent-header-meta":"","adv-header-id-meta":"","stick-header-meta":"","header-above-stick-meta":"","header-main-stick-meta":"","header-below-stick-meta":"","astra-migrate-meta-layouts":"default","ast-page-background-enabled":"default","ast-page-background-meta":{"desktop":{"background-color":"var(--ast-global-color-4)","background-image":"","background-repeat":"repeat","background-position":"center center","background-size":"auto","background-attachment":"scroll","background-type":"","background-media":"","overlay-type":"","overlay-color":"","overlay-opacity":"","overlay-gradient":""},"tablet":{"background-color":"","background-image":"","background-repeat":"repeat","background-position":"center center","background-size":"auto","background-attachment":"scroll","background-type":"","background-media":"","overlay-type":"","overlay-color":"","overlay-opacity":"","overlay-gradient":""},"mobile":{"background-color":"","background-image":"","background-repeat":"repeat","background-position":"center center","background-size":"auto","background-attachment":"scroll","background-type":"","background-media":"","overlay-type":"","overlay-color":"","overlay-opacity":"","overlay-gradient":""}},"ast-content-background-meta":{"desktop":{"background-color":"var(--ast-global-color-5)","background-image":"","background-repeat":"repeat","background-position":"center center","background-size":"auto","background-attachment":"scroll","background-type":"","background-media":"","overlay-type":"","overlay-color":"","overlay-opacity":"","overlay-gradient":""},"tablet":{"background-color":"var(--ast-global-color-5)","background-image":"","background-repeat":"repeat","background-position":"center center","background-size":"auto","background-attachment":"scroll","background-type":"","background-media":"","overlay-type":"","overlay-color":"","overlay-opacity":"","overlay-gradient":""},"mobile":{"background-color":"var(--ast-global-color-5)","background-image":"","background-repeat":"repeat","background-position":"center center","background-size":"auto","background-attachment":"scroll","background-type":"","background-media":"","overlay-type":"","overlay-color":"","overlay-opacity":"","overlay-gradient":""}},"footnotes":""},"class_list":["post-96","page","type-page","status-publish","hentry"],"_links":{"self":[{"href":"https:\/\/molsheimbischoffsheimbasketclub.fr\/en\/wp-json\/wp\/v2\/pages\/96","targetHints":{"allow":["GET"]}}],"collection":[{"href":"https:\/\/molsheimbischoffsheimbasketclub.fr\/en\/wp-json\/wp\/v2\/pages"}],"about":[{"href":"https:\/\/molsheimbischoffsheimbasketclub.fr\/en\/wp-json\/wp\/v2\/types\/page"}],"author":[{"embeddable":true,"href":"https:\/\/molsheimbischoffsheimbasketclub.fr\/en\/wp-json\/wp\/v2\/users\/1"}],"replies":[{"embeddable":true,"href":"https:\/\/molsheimbischoffsheimbasketclub.fr\/en\/wp-json\/wp\/v2\/comments?post=96"}],"version-history":[{"count":13,"href":"https:\/\/molsheimbischoffsheimbasketclub.fr\/en\/wp-json\/wp\/v2\/pages\/96\/revisions"}],"predecessor-version":[{"id":1178,"href":"https:\/\/molsheimbischoffsheimbasketclub.fr\/en\/wp-json\/wp\/v2\/pages\/96\/revisions\/1178"}],"wp:attachment":[{"href":"https:\/\/molsheimbischoffsheimbasketclub.fr\/en\/wp-json\/wp\/v2\/media?parent=96"}],"curies":[{"name":"wp","href":"https:\/\/api.w.org\/{rel}","templated":true}]}}