{"id":84,"date":"2024-05-08T15:17:27","date_gmt":"2024-05-08T13:17:27","guid":{"rendered":"https:\/\/molsheimbischoffsheimbasketclub.fr\/?page_id=84"},"modified":"2026-01-20T13:34:05","modified_gmt":"2026-01-20T12:34:05","slug":"accueil","status":"publish","type":"page","link":"https:\/\/molsheimbischoffsheimbasketclub.fr\/en\/","title":{"rendered":"Accueil"},"content":{"rendered":"\t\t<div data-elementor-type=\"wp-page\" data-elementor-id=\"84\" class=\"elementor elementor-84\">\n\t\t\t\t<div class=\"elementor-element elementor-element-00b3e5b e-flex e-con-boxed e-con e-parent\" data-id=\"00b3e5b\" data-element_type=\"container\" data-e-type=\"container\">\n\t\t\t\t\t<div class=\"e-con-inner\">\n\t\t\t\t<div class=\"elementor-element elementor-element-e32c9db elementor-widget elementor-widget-heading\" data-id=\"e32c9db\" data-element_type=\"widget\" data-e-type=\"widget\" data-widget_type=\"heading.default\">\n\t\t\t\t<div class=\"elementor-widget-container\">\n\t\t\t\t\t<h2 class=\"elementor-heading-title elementor-size-default\">Matchs du Week End et suivant<\/h2>\t\t\t\t<\/div>\n\t\t\t\t<\/div>\n\t\t\t\t\t<\/div>\n\t\t\t\t<\/div>\n\t\t<div class=\"elementor-element elementor-element-358b1cd e-flex e-con-boxed e-con e-parent\" data-id=\"358b1cd\" data-element_type=\"container\" data-e-type=\"container\">\n\t\t\t\t\t<div class=\"e-con-inner\">\n\t\t\t\t<div class=\"elementor-element elementor-element-ac4a382 elementor-widget elementor-widget-image\" data-id=\"ac4a382\" data-element_type=\"widget\" data-e-type=\"widget\" data-widget_type=\"image.default\">\n\t\t\t\t<div class=\"elementor-widget-container\">\n\t\t\t\t\t\t\t\t\t\t\t\t\t\t\t<img fetchpriority=\"high\" decoding=\"async\" width=\"577\" height=\"276\" src=\"https:\/\/molsheimbischoffsheimbasketclub.fr\/wp-content\/uploads\/2026\/01\/Capture-decran-2026-01-20-133000.png\" class=\"attachment-large size-large wp-image-1271\" alt=\"\" srcset=\"https:\/\/molsheimbischoffsheimbasketclub.fr\/wp-content\/uploads\/2026\/01\/Capture-decran-2026-01-20-133000.png 577w, https:\/\/molsheimbischoffsheimbasketclub.fr\/wp-content\/uploads\/2026\/01\/Capture-decran-2026-01-20-133000-300x144.png 300w, https:\/\/molsheimbischoffsheimbasketclub.fr\/wp-content\/uploads\/2026\/01\/Capture-decran-2026-01-20-133000-128x61.png 128w, https:\/\/molsheimbischoffsheimbasketclub.fr\/wp-content\/uploads\/2026\/01\/Capture-decran-2026-01-20-133000-32x15.png 32w, https:\/\/molsheimbischoffsheimbasketclub.fr\/wp-content\/uploads\/2026\/01\/Capture-decran-2026-01-20-133000-100x48.png 100w, https:\/\/molsheimbischoffsheimbasketclub.fr\/wp-content\/uploads\/2026\/01\/Capture-decran-2026-01-20-133000-50x24.png 50w, https:\/\/molsheimbischoffsheimbasketclub.fr\/wp-content\/uploads\/2026\/01\/Capture-decran-2026-01-20-133000-25x12.png 25w\" sizes=\"(max-width: 577px) 100vw, 577px\" \/>\t\t\t\t\t\t\t\t\t\t\t\t\t\t\t<\/div>\n\t\t\t\t<\/div>\n\t\t\t\t\t<\/div>\n\t\t\t\t<\/div>\n\t\t<div class=\"elementor-element elementor-element-0ae0726 e-flex e-con-boxed e-con e-parent\" data-id=\"0ae0726\" data-element_type=\"container\" data-e-type=\"container\">\n\t\t\t\t\t<div class=\"e-con-inner\">\n\t\t\t\t<div class=\"elementor-element elementor-element-560b151 elementor-widget elementor-widget-heading\" data-id=\"560b151\" data-element_type=\"widget\" data-e-type=\"widget\" data-widget_type=\"heading.default\">\n\t\t\t\t<div class=\"elementor-widget-container\">\n\t\t\t\t\t<h2 class=\"elementor-heading-title elementor-size-default\">R\u00e9sultats de la semaine pass\u00e9e<\/h2>\t\t\t\t<\/div>\n\t\t\t\t<\/div>\n\t\t\t\t\t<\/div>\n\t\t\t\t<\/div>\n\t\t<div class=\"elementor-element elementor-element-b7fe7bc e-flex e-con-boxed e-con e-parent\" data-id=\"b7fe7bc\" data-element_type=\"container\" data-e-type=\"container\">\n\t\t\t\t\t<div class=\"e-con-inner\">\n\t\t\t\t<div class=\"elementor-element elementor-element-fbeb6c2 elementor-widget elementor-widget-image\" data-id=\"fbeb6c2\" data-element_type=\"widget\" data-e-type=\"widget\" data-widget_type=\"image.default\">\n\t\t\t\t<div class=\"elementor-widget-container\">\n\t\t\t\t\t\t\t\t\t\t\t\t\t\t\t<img decoding=\"async\" width=\"1024\" height=\"244\" src=\"https:\/\/molsheimbischoffsheimbasketclub.fr\/wp-content\/uploads\/2026\/01\/Capture-decran-2026-01-20-133200-1024x244.png\" class=\"attachment-large size-large wp-image-1273\" alt=\"\" srcset=\"https:\/\/molsheimbischoffsheimbasketclub.fr\/wp-content\/uploads\/2026\/01\/Capture-decran-2026-01-20-133200-1024x244.png 1024w, https:\/\/molsheimbischoffsheimbasketclub.fr\/wp-content\/uploads\/2026\/01\/Capture-decran-2026-01-20-133200-300x72.png 300w, https:\/\/molsheimbischoffsheimbasketclub.fr\/wp-content\/uploads\/2026\/01\/Capture-decran-2026-01-20-133200-768x183.png 768w, https:\/\/molsheimbischoffsheimbasketclub.fr\/wp-content\/uploads\/2026\/01\/Capture-decran-2026-01-20-133200-128x31.png 128w, https:\/\/molsheimbischoffsheimbasketclub.fr\/wp-content\/uploads\/2026\/01\/Capture-decran-2026-01-20-133200-32x8.png 32w, https:\/\/molsheimbischoffsheimbasketclub.fr\/wp-content\/uploads\/2026\/01\/Capture-decran-2026-01-20-133200-100x24.png 100w, https:\/\/molsheimbischoffsheimbasketclub.fr\/wp-content\/uploads\/2026\/01\/Capture-decran-2026-01-20-133200-50x12.png 50w, https:\/\/molsheimbischoffsheimbasketclub.fr\/wp-content\/uploads\/2026\/01\/Capture-decran-2026-01-20-133200-25x6.png 25w, https:\/\/molsheimbischoffsheimbasketclub.fr\/wp-content\/uploads\/2026\/01\/Capture-decran-2026-01-20-133200.png 1137w\" sizes=\"(max-width: 1024px) 100vw, 1024px\" \/>\t\t\t\t\t\t\t\t\t\t\t\t\t\t\t<\/div>\n\t\t\t\t<\/div>\n\t\t\t\t\t<\/div>\n\t\t\t\t<\/div>\n\t\t<div class=\"elementor-element elementor-element-80831dd e-flex e-con-boxed e-con e-parent\" data-id=\"80831dd\" data-element_type=\"container\" data-e-type=\"container\">\n\t\t\t\t\t<div class=\"e-con-inner\">\n\t\t\t\t<div class=\"elementor-element elementor-element-fdf9aa1 elementor-widget elementor-widget-image\" data-id=\"fdf9aa1\" data-element_type=\"widget\" data-e-type=\"widget\" data-widget_type=\"image.default\">\n\t\t\t\t<div class=\"elementor-widget-container\">\n\t\t\t\t\t\t\t\t\t\t\t\t\t\t\t<img decoding=\"async\" width=\"1024\" height=\"129\" src=\"https:\/\/molsheimbischoffsheimbasketclub.fr\/wp-content\/uploads\/2026\/01\/Capture-decran-2026-01-20-133110-1024x129.png\" class=\"attachment-large size-large wp-image-1272\" alt=\"\" srcset=\"https:\/\/molsheimbischoffsheimbasketclub.fr\/wp-content\/uploads\/2026\/01\/Capture-decran-2026-01-20-133110-1024x129.png 1024w, https:\/\/molsheimbischoffsheimbasketclub.fr\/wp-content\/uploads\/2026\/01\/Capture-decran-2026-01-20-133110-300x38.png 300w, https:\/\/molsheimbischoffsheimbasketclub.fr\/wp-content\/uploads\/2026\/01\/Capture-decran-2026-01-20-133110-768x97.png 768w, https:\/\/molsheimbischoffsheimbasketclub.fr\/wp-content\/uploads\/2026\/01\/Capture-decran-2026-01-20-133110-128x16.png 128w, https:\/\/molsheimbischoffsheimbasketclub.fr\/wp-content\/uploads\/2026\/01\/Capture-decran-2026-01-20-133110-32x4.png 32w, https:\/\/molsheimbischoffsheimbasketclub.fr\/wp-content\/uploads\/2026\/01\/Capture-decran-2026-01-20-133110-100x13.png 100w, https:\/\/molsheimbischoffsheimbasketclub.fr\/wp-content\/uploads\/2026\/01\/Capture-decran-2026-01-20-133110-50x6.png 50w, https:\/\/molsheimbischoffsheimbasketclub.fr\/wp-content\/uploads\/2026\/01\/Capture-decran-2026-01-20-133110-25x3.png 25w, https:\/\/molsheimbischoffsheimbasketclub.fr\/wp-content\/uploads\/2026\/01\/Capture-decran-2026-01-20-133110.png 1141w\" sizes=\"(max-width: 1024px) 100vw, 1024px\" \/>\t\t\t\t\t\t\t\t\t\t\t\t\t\t\t<\/div>\n\t\t\t\t<\/div>\n\t\t\t\t\t<\/div>\n\t\t\t\t<\/div>\n\t\t<div class=\"elementor-element elementor-element-0decdae e-flex e-con-boxed e-con e-parent\" data-id=\"0decdae\" data-element_type=\"container\" data-e-type=\"container\">\n\t\t\t\t\t<div class=\"e-con-inner\">\n\t\t<div class=\"elementor-element elementor-element-72819b9 e-con-full e-flex e-con e-child\" data-id=\"72819b9\" data-element_type=\"container\" data-e-type=\"container\">\n\t\t\t\t<div class=\"elementor-element elementor-element-85f8b4f elementor-widget elementor-widget-heading\" data-id=\"85f8b4f\" data-element_type=\"widget\" data-e-type=\"widget\" data-widget_type=\"heading.default\">\n\t\t\t\t<div class=\"elementor-widget-container\">\n\t\t\t\t\t<h2 class=\"elementor-heading-title elementor-size-default\">Ci-contre le tableau des horaires d'entra\u00eenements<\/h2>\t\t\t\t<\/div>\n\t\t\t\t<\/div>\n\t\t\t\t<\/div>\n\t\t\t\t<div class=\"elementor-element elementor-element-c7cb594 elementor-widget elementor-widget-image\" data-id=\"c7cb594\" data-element_type=\"widget\" data-e-type=\"widget\" data-widget_type=\"image.default\">\n\t\t\t\t<div class=\"elementor-widget-container\">\n\t\t\t\t\t\t\t\t\t\t\t\t\t\t\t<img loading=\"lazy\" decoding=\"async\" width=\"1197\" height=\"1034\" src=\"https:\/\/molsheimbischoffsheimbasketclub.fr\/wp-content\/uploads\/2025\/09\/IMG-20250827-WA0000.jpg\" class=\"attachment-full size-full wp-image-1163\" alt=\"\" srcset=\"https:\/\/molsheimbischoffsheimbasketclub.fr\/wp-content\/uploads\/2025\/09\/IMG-20250827-WA0000.jpg 1197w, https:\/\/molsheimbischoffsheimbasketclub.fr\/wp-content\/uploads\/2025\/09\/IMG-20250827-WA0000-300x259.jpg 300w, https:\/\/molsheimbischoffsheimbasketclub.fr\/wp-content\/uploads\/2025\/09\/IMG-20250827-WA0000-1024x885.jpg 1024w, https:\/\/molsheimbischoffsheimbasketclub.fr\/wp-content\/uploads\/2025\/09\/IMG-20250827-WA0000-768x663.jpg 768w, https:\/\/molsheimbischoffsheimbasketclub.fr\/wp-content\/uploads\/2025\/09\/IMG-20250827-WA0000-128x111.jpg 128w, https:\/\/molsheimbischoffsheimbasketclub.fr\/wp-content\/uploads\/2025\/09\/IMG-20250827-WA0000-32x28.jpg 32w, https:\/\/molsheimbischoffsheimbasketclub.fr\/wp-content\/uploads\/2025\/09\/IMG-20250827-WA0000-100x86.jpg 100w, https:\/\/molsheimbischoffsheimbasketclub.fr\/wp-content\/uploads\/2025\/09\/IMG-20250827-WA0000-50x43.jpg 50w, https:\/\/molsheimbischoffsheimbasketclub.fr\/wp-content\/uploads\/2025\/09\/IMG-20250827-WA0000-25x22.jpg 25w\" sizes=\"(max-width: 1197px) 100vw, 1197px\" \/>\t\t\t\t\t\t\t\t\t\t\t\t\t\t\t<\/div>\n\t\t\t\t<\/div>\n\t\t\t\t\t<\/div>\n\t\t\t\t<\/div>\n\t\t<div class=\"elementor-element elementor-element-ab34741 e-grid e-con-boxed e-con e-parent\" data-id=\"ab34741\" data-element_type=\"container\" data-e-type=\"container\" data-settings=\"{&quot;background_background&quot;:&quot;classic&quot;}\">\n\t\t\t\t\t<div class=\"e-con-inner\">\n\t\t\t\t<div class=\"elementor-element elementor-element-f81819e elementor-widget elementor-widget-wpforms\" data-id=\"f81819e\" data-element_type=\"widget\" data-e-type=\"widget\" data-widget_type=\"wpforms.default\">\n\t\t\t\t<div class=\"elementor-widget-container\">\n\t\t\t\t\t<style id=\"wpforms-css-vars-elementor-widget-f81819e\">\n\t\t\t\t.elementor-widget-wpforms.elementor-element-f81819e {\n\t\t\t\t--wpforms-field-border-color: #000000FA;\n--wpforms-field-border-color-spare: #000000FA;\n--wpforms-field-size-input-height: 31px;\n--wpforms-field-size-input-spacing: 10px;\n--wpforms-field-size-font-size: 14px;\n--wpforms-field-size-line-height: 17px;\n--wpforms-field-size-padding-h: 9px;\n--wpforms-field-size-checkbox-size: 14px;\n--wpforms-field-size-sublabel-spacing: 5px;\n--wpforms-field-size-icon-size: 0.75;\n\t\t\t}\n\t\t\t<\/style><div class=\"wpforms-container wpforms-container-full wpforms-render-modern\" id=\"wpforms-356\"><form id=\"wpforms-form-356\" class=\"wpforms-validate wpforms-form wpforms-ajax-form\" data-formid=\"356\" method=\"post\" enctype=\"multipart\/form-data\" action=\"\/en\/wp-json\/wp\/v2\/pages\/84\" data-token=\"8eff745437a470f8350b67adf346d6e4\" data-token-time=\"1777518747\"><div class=\"wpforms-head-container\"><div class=\"wpforms-title\">Contactez nous!<\/div><\/div><noscript class=\"wpforms-error-noscript\">Please enable JavaScript in your browser to complete this form.<\/noscript><div id=\"wpforms-error-noscript\" style=\"display: none;\">Please enable JavaScript in your browser to complete this form.<\/div><div class=\"wpforms-field-container\"><div id=\"wpforms-356-field_0-container\" class=\"wpforms-field wpforms-field-name\" data-field-id=\"0\"><fieldset><legend class=\"wpforms-field-label\">Nom <span class=\"wpforms-required-label\" aria-hidden=\"true\">*<\/span><\/legend><div class=\"wpforms-field-row wpforms-field-medium\"><div class=\"wpforms-field-row-block wpforms-first wpforms-one-half\"><input type=\"text\" id=\"wpforms-356-field_0\" class=\"wpforms-field-name-first wpforms-field-required\" name=\"wpforms[fields][0][first]\" aria-errormessage=\"wpforms-356-field_0-error\" required><label for=\"wpforms-356-field_0\" class=\"wpforms-field-sublabel after\">First<\/label><\/div><div class=\"wpforms-field-row-block wpforms-one-half\"><input type=\"text\" id=\"wpforms-356-field_0-last\" class=\"wpforms-field-name-last wpforms-field-required\" name=\"wpforms[fields][0][last]\" aria-errormessage=\"wpforms-356-field_0-last-error\" required><label for=\"wpforms-356-field_0-last\" class=\"wpforms-field-sublabel after\">Last<\/label><\/div><\/div><\/fieldset><\/div><div id=\"wpforms-356-field_1-container\" class=\"wpforms-field wpforms-field-email\" data-field-id=\"1\"><label class=\"wpforms-field-label\" for=\"wpforms-356-field_1\">E-mail <span class=\"wpforms-required-label\" aria-hidden=\"true\">*<\/span><\/label><input type=\"email\" id=\"wpforms-356-field_1\" class=\"wpforms-field-medium wpforms-field-required\" name=\"wpforms[fields][1]\" spellcheck=\"false\" aria-errormessage=\"wpforms-356-field_1-error\" required><\/div><div id=\"wpforms-356-field_3-container\" class=\"wpforms-field wpforms-field-text\" data-field-id=\"3\"><label class=\"wpforms-field-label\" for=\"wpforms-356-field_3\">Sujet <span class=\"wpforms-required-label\" aria-hidden=\"true\">*<\/span><\/label><input type=\"text\" id=\"wpforms-356-field_3\" class=\"wpforms-field-medium wpforms-field-required wpforms-limit-characters-enabled\" data-form-id=\"356\" data-field-id=\"3\" data-text-limit=\"50\" name=\"wpforms[fields][3]\" aria-errormessage=\"wpforms-356-field_3-error\" maxlength=\"50\" required><\/div><div id=\"wpforms-356-field_2-container\" class=\"wpforms-field wpforms-field-textarea\" data-field-id=\"2\"><label class=\"wpforms-field-label\" for=\"wpforms-356-field_2\">Commentaire ou message <span class=\"wpforms-required-label\" aria-hidden=\"true\">*<\/span><\/label><textarea id=\"wpforms-356-field_2\" class=\"wpforms-field-medium wpforms-field-required wpforms-limit-characters-enabled\" data-form-id=\"356\" data-field-id=\"2\" data-text-limit=\"500\" name=\"wpforms[fields][2]\" aria-errormessage=\"wpforms-356-field_2-error\" aria-describedby=\"wpforms-356-field_2-description\" maxlength=\"500\" required><\/textarea><div id=\"wpforms-356-field_2-description\" class=\"wpforms-field-description\">Mentionner votre demande<\/div><\/div><\/div><!-- .wpforms-field-container --><div class=\"wpforms-submit-container\" ><input type=\"hidden\" name=\"wpforms[id]\" value=\"356\"><input type=\"hidden\" name=\"page_title\" value=\"\"><input type=\"hidden\" name=\"page_url\" value=\"https:\/\/molsheimbischoffsheimbasketclub.fr\/en\/wp-json\/wp\/v2\/pages\/84\"><input type=\"hidden\" name=\"url_referer\" value=\"\"><button type=\"submit\" name=\"wpforms[submit]\" id=\"wpforms-submit-356\" class=\"wpforms-submit\" data-alt-text=\"Envoi...\" data-submit-text=\"Envoyer\" aria-live=\"assertive\" value=\"wpforms-submit\">Envoyer<\/button><img loading=\"lazy\" decoding=\"async\" src=\"https:\/\/molsheimbischoffsheimbasketclub.fr\/wp-content\/plugins\/wpforms-lite\/assets\/images\/submit-spin.svg\" class=\"wpforms-submit-spinner\" style=\"display: none;\" width=\"26\" height=\"26\" alt=\"Loading\"><\/div><\/form><\/div>  <!-- .wpforms-container -->\t\t\t\t<\/div>\n\t\t\t\t<\/div>\n\t\t\t\t<div class=\"elementor-element elementor-element-11cba8b elementor-widget elementor-widget-heading\" data-id=\"11cba8b\" data-element_type=\"widget\" data-e-type=\"widget\" data-widget_type=\"heading.default\">\n\t\t\t\t<div class=\"elementor-widget-container\">\n\t\t\t\t\t<h2 class=\"elementor-heading-title elementor-size-default\">Pour toute demande vous pouvez nous contacter \u00e0 l'aide du formulaire \nci-contre.<\/h2>\t\t\t\t<\/div>\n\t\t\t\t<\/div>\n\t\t\t\t\t<\/div>\n\t\t\t\t<\/div>\n\t\t\t\t<\/div>\n\t\t","protected":false},"excerpt":{"rendered":"<p>Matchs du Week End et suivant R\u00e9sultats de la semaine pass\u00e9e Ci-contre le tableau des horaires d&#8217;entra\u00eenements Contactez nous!Veuillez activer [&hellip;]<\/p>\n","protected":false},"author":1,"featured_media":0,"parent":0,"menu_order":0,"comment_status":"closed","ping_status":"closed","template":"","meta":{"_seopress_robots_primary_cat":"","_seopress_titles_title":"","_seopress_titles_desc":"","_seopress_robots_index":"","_crdt_document":"","site-sidebar-layout":"no-sidebar","site-content-layout":"","ast-site-content-layout":"full-width-container","site-content-style":"default","site-sidebar-style":"default","ast-global-header-display":"","ast-banner-title-visibility":"","ast-main-header-display":"","ast-hfb-above-header-display":"","ast-hfb-below-header-display":"","ast-hfb-mobile-header-display":"","site-post-title":"disabled","ast-breadcrumbs-content":"","ast-featured-img":"disabled","footer-sml-layout":"","theme-transparent-header-meta":"default","adv-header-id-meta":"","stick-header-meta":"","header-above-stick-meta":"","header-main-stick-meta":"","header-below-stick-meta":"","astra-migrate-meta-layouts":"set","ast-page-background-enabled":"default","ast-page-background-meta":{"desktop":{"background-color":"var(--ast-global-color-4)","background-image":"","background-repeat":"repeat","background-position":"center center","background-size":"auto","background-attachment":"scroll","background-type":"","background-media":"","overlay-type":"","overlay-color":"","overlay-opacity":"","overlay-gradient":""},"tablet":{"background-color":"","background-image":"","background-repeat":"repeat","background-position":"center center","background-size":"auto","background-attachment":"scroll","background-type":"","background-media":"","overlay-type":"","overlay-color":"","overlay-opacity":"","overlay-gradient":""},"mobile":{"background-color":"","background-image":"","background-repeat":"repeat","background-position":"center center","background-size":"auto","background-attachment":"scroll","background-type":"","background-media":"","overlay-type":"","overlay-color":"","overlay-opacity":"","overlay-gradient":""}},"ast-content-background-meta":{"desktop":{"background-color":"var(--ast-global-color-5)","background-image":"","background-repeat":"repeat","background-position":"center center","background-size":"auto","background-attachment":"scroll","background-type":"","background-media":"","overlay-type":"","overlay-color":"","overlay-opacity":"","overlay-gradient":""},"tablet":{"background-color":"var(--ast-global-color-5)","background-image":"","background-repeat":"repeat","background-position":"center center","background-size":"auto","background-attachment":"scroll","background-type":"","background-media":"","overlay-type":"","overlay-color":"","overlay-opacity":"","overlay-gradient":""},"mobile":{"background-color":"var(--ast-global-color-5)","background-image":"","background-repeat":"repeat","background-position":"center center","background-size":"auto","background-attachment":"scroll","background-type":"","background-media":"","overlay-type":"","overlay-color":"","overlay-opacity":"","overlay-gradient":""}},"footnotes":""},"class_list":["post-84","page","type-page","status-publish","hentry"],"_links":{"self":[{"href":"https:\/\/molsheimbischoffsheimbasketclub.fr\/en\/wp-json\/wp\/v2\/pages\/84","targetHints":{"allow":["GET"]}}],"collection":[{"href":"https:\/\/molsheimbischoffsheimbasketclub.fr\/en\/wp-json\/wp\/v2\/pages"}],"about":[{"href":"https:\/\/molsheimbischoffsheimbasketclub.fr\/en\/wp-json\/wp\/v2\/types\/page"}],"author":[{"embeddable":true,"href":"https:\/\/molsheimbischoffsheimbasketclub.fr\/en\/wp-json\/wp\/v2\/users\/1"}],"replies":[{"embeddable":true,"href":"https:\/\/molsheimbischoffsheimbasketclub.fr\/en\/wp-json\/wp\/v2\/comments?post=84"}],"version-history":[{"count":149,"href":"https:\/\/molsheimbischoffsheimbasketclub.fr\/en\/wp-json\/wp\/v2\/pages\/84\/revisions"}],"predecessor-version":[{"id":1276,"href":"https:\/\/molsheimbischoffsheimbasketclub.fr\/en\/wp-json\/wp\/v2\/pages\/84\/revisions\/1276"}],"wp:attachment":[{"href":"https:\/\/molsheimbischoffsheimbasketclub.fr\/en\/wp-json\/wp\/v2\/media?parent=84"}],"curies":[{"name":"wp","href":"https:\/\/api.w.org\/{rel}","templated":true}]}}